{"id":245637,"date":"2022-08-23T09:57:54","date_gmt":"2022-08-23T09:57:54","guid":{"rendered":"https:\/\/naifactorylab.com\/politica-de-privacidad\/"},"modified":"2023-01-24T11:30:30","modified_gmt":"2023-01-24T11:30:30","slug":"politica-de-privacidad","status":"publish","type":"page","link":"https:\/\/naifactorylab.com\/en\/politica-de-privacidad\/","title":{"rendered":"Privacy Policy"},"content":{"rendered":"<p>[et_pb_section fb_built=&#8221;1&#8243; admin_label=&#8221;section&#8221; module_id=&#8221;legal-warning&#8221; _builder_version=&#8221;4.18.0&#8243; background_color=&#8221;#FFFFFF&#8221; custom_margin=&#8221;||0px||false|false&#8221; custom_padding=&#8221;100px||0px||false|false&#8221; global_colors_info=&#8221;{}&#8221;][et_pb_row admin_label=&#8221;row&#8221; _builder_version=&#8221;4.16&#8243; background_size=&#8221;initial&#8221; background_position=&#8221;top_left&#8221; background_repeat=&#8221;repeat&#8221; custom_margin=&#8221;||0px||false|false&#8221; custom_padding=&#8221;||0px||false|false&#8221; global_colors_info=&#8221;{}&#8221;][et_pb_column type=&#8221;4_4&#8243; _builder_version=&#8221;4.16&#8243; custom_padding=&#8221;|||&#8221; global_colors_info=&#8221;{}&#8221; custom_padding__hover=&#8221;|||&#8221;][et_pb_text admin_label=&#8221;Text&#8221; _builder_version=&#8221;4.18.0&#8243; text_font=&#8221;IBM Plex Sans|300|||||||&#8221; text_text_color=&#8221;#000000&#8243; text_font_size=&#8221;16px&#8221; text_line_height=&#8221;1.8em&#8221; link_font=&#8221;IBM Plex Sans|500|||||||&#8221; link_text_color=&#8221;#5CBAA7&#8243; header_2_font=&#8221;IBM Plex Sans||||||||&#8221; header_2_text_color=&#8221;#5CBAA7&#8243; header_2_font_size=&#8221;20px&#8221; header_3_font=&#8221;Lato|700||on|||||&#8221; header_3_text_color=&#8221;#8ab5a8&#8243; header_3_font_size=&#8221;14px&#8221; header_3_letter_spacing=&#8221;4px&#8221; header_3_line_height=&#8221;1.6em&#8221; background_size=&#8221;initial&#8221; background_position=&#8221;top_left&#8221; background_repeat=&#8221;repeat&#8221; global_colors_info=&#8221;{}&#8221;]<\/p>\n<h2>LEGAL NOTICe<\/h2>\n<p>The owner of the web hosted in the domain www.naifactorylab.com is Naifactory Lab S.L., whose identification data are:<br \/><strong>Naifactory Lab S.L.<\/strong><br \/><strong>Carrer Sant Joan, 7A, \u00c1tico<\/strong><br \/><strong>Vilassar de Dalt<\/strong><br \/><strong>08339 Barcelona<\/strong><br \/><strong>CIF B09657008<\/strong><br \/>Correo electr\u00f3nico: <a href=\"mailto:studio@naifactorylab.com\">studio@naifactorylab.com<\/a><\/p>\n<p>[\/et_pb_text][\/et_pb_column][\/et_pb_row][\/et_pb_section][et_pb_section fb_built=&#8221;1&#8243; admin_label=&#8221;section&#8221; module_id=&#8221;condiciones-uso&#8221; _builder_version=&#8221;4.18.0&#8243; background_color=&#8221;#FFFFFF&#8221; custom_margin=&#8221;||0px||false|false&#8221; custom_padding=&#8221;50px||0px||false|false&#8221; global_colors_info=&#8221;{}&#8221;][et_pb_row admin_label=&#8221;row&#8221; _builder_version=&#8221;4.16&#8243; background_size=&#8221;initial&#8221; background_position=&#8221;top_left&#8221; background_repeat=&#8221;repeat&#8221; global_colors_info=&#8221;{}&#8221;][et_pb_column type=&#8221;4_4&#8243; _builder_version=&#8221;4.16&#8243; custom_padding=&#8221;|||&#8221; global_colors_info=&#8221;{}&#8221; custom_padding__hover=&#8221;|||&#8221;][et_pb_text admin_label=&#8221;Text&#8221; _builder_version=&#8221;4.18.0&#8243; text_font=&#8221;IBM Plex Sans|300|||||||&#8221; text_text_color=&#8221;#000000&#8243; text_font_size=&#8221;16px&#8221; text_line_height=&#8221;2em&#8221; header_2_font=&#8221;IBM Plex Sans||||||||&#8221; header_2_text_color=&#8221;#5CBAA7&#8243; header_2_font_size=&#8221;20px&#8221; header_3_font=&#8221;Lato|700||on|||||&#8221; header_3_text_color=&#8221;#8ab5a8&#8243; header_3_font_size=&#8221;14px&#8221; header_3_letter_spacing=&#8221;4px&#8221; header_3_line_height=&#8221;1.6em&#8221; background_size=&#8221;initial&#8221; background_position=&#8221;top_left&#8221; background_repeat=&#8221;repeat&#8221; global_colors_info=&#8221;{}&#8221;]<\/p>\n<h2>CONDICIONES DE USO<\/h2>\n<p><strong>1. CONDICIONES DE USO\/ACCESO<\/strong><br \/>El acceso a nuestra p\u00e1gina Web es gratuito y no exige previa suscripci\u00f3n o registro y queda condicionado a las presentes condiciones vigentes en el momento del acceso, que rogamos lea detenidamente. El usuario en el momento que utiliza nuestro portal, sus contenidos o servicios, acepta y se somete expresamente a las condiciones de uso del mismo. Si el usuario no estuviere de acuerdo con las presentes condiciones de uso, deber\u00e1 abstenerse de utilizar este portal y operar por medio del mismo.<br \/>En cualquier momento podremos modificar la presentaci\u00f3n y configuraci\u00f3n de nuestra Web, ampliar o reducir servicios, e incluso suprimirla de la Red, as\u00ed como los servicios y contenidos prestados, todo ello de forma unilateral y sin previo aviso.<br \/>Esta p\u00e1gina Web se rige por la normativa exclusivamente aplicable en Espa\u00f1a, quedando sometida a ella, tanto nacionales como extranjeros que utilicen esta Web.<br \/>El env\u00edo de datos personales implica la aceptaci\u00f3n expresa por parte del usuario de nuestra pol\u00edtica de privacidad.<br \/>El usuario debe acceder a nuestra p\u00e1gina Web conforme a la buena fe, las normas de orden p\u00fablico y a las presentes Condiciones de uso. El acceso a nuestro sitio Web se realiza bajo la propia y exclusiva responsabilidad del usuario, que responder\u00e1 en todo caso de los da\u00f1os y perjuicios que pueda causar a terceros o a nosotros mismos.<br \/>Teniendo en cuenta la imposibilidad de control respecto a la informaci\u00f3n, contenidos y servicios que contengan otras p\u00e1ginas web a los que se pueda acceder a trav\u00e9s de los enlaces que nuestra p\u00e1gina web pueda poner a su disposici\u00f3n, le comunicamos que quedamos eximidos de cualquier responsabilidad por los da\u00f1os y perjuicios de toda clase que pudiesen derivar por la utilizaci\u00f3n de esas p\u00e1ginas web, ajenas a nuestra empresa, por parte del usuario.<\/p>\n<p><strong>2. RESPONSABILIDADES<\/strong><br \/>Al poner a disposici\u00f3n del usuario esta p\u00e1gina Web queremos ofrecerle un servicio de calidad, utilizando la m\u00e1xima diligencia en la prestaci\u00f3n del mismo, as\u00ed como en los medios tecnol\u00f3gicos utilizados. No obstante, no responderemos de la presencia de virus y otros elementos que de alg\u00fan modo puedan da\u00f1ar el sistema inform\u00e1tico del usuario.<br \/>No garantizamos que la disponibilidad del servicio sea continua e ininterrumpida.<br \/>El USUARIO tiene prohibido cualquier tipo de acci\u00f3n sobre nuestro portal que origine una excesiva sobrecarga de funcionamiento a nuestros sistemas inform\u00e1ticos, as\u00ed como la introducci\u00f3n de virus, o instalaci\u00f3n de robots, o software que altere el normal funcionamiento de nuestra web, o en definitiva pueda causar da\u00f1os a nuestros sistemas inform\u00e1ticos.<br \/>El USUARIO asume toda la responsabilidad derivada del uso de nuestra p\u00e1gina web.<br \/>El USUARIO reconoce que ha entendido toda la informaci\u00f3n respecto a las condiciones de uso de nuestro portal, y reconoce que son suficientes para la exclusi\u00f3n del error en las mismas, y por lo tanto, las acepta integra y expresamente.<\/p>\n<p><strong>3. PROPIEDAD INTELECTUAL<\/strong><br \/>Todos los contenidos, textos, im\u00e1genes, marcas y c\u00f3digos fuente son de nuestra propiedad o de terceros a los que se han adquirido sus derechos de explotaci\u00f3n, y est\u00e1n protegidos por los derechos de Propiedad Intelectual e Industrial.<br \/>El usuario \u00fanicamente tiene derecho a un uso privado de los mismos, sin \u00e1nimo de lucro, y necesita autorizaci\u00f3n expresa para modificarlos, reproducirlos, explotarlos, distribuirlos o ejercer cualquier derecho perteneciente a su titular.<\/p>\n<p>[\/et_pb_text][\/et_pb_column][\/et_pb_row][\/et_pb_section][et_pb_section fb_built=&#8221;1&#8243; admin_label=&#8221;section&#8221; module_id=&#8221;politica-privacidad&#8221; _builder_version=&#8221;4.18.0&#8243; background_color=&#8221;#FFFFFF&#8221; custom_margin=&#8221;0px||0px||false|false&#8221; custom_padding=&#8221;50px||0px||false|false&#8221; hover_enabled=&#8221;0&#8243; global_colors_info=&#8221;{}&#8221; sticky_enabled=&#8221;0&#8243;][et_pb_row admin_label=&#8221;row&#8221; _builder_version=&#8221;4.16&#8243; background_size=&#8221;initial&#8221; background_position=&#8221;top_left&#8221; background_repeat=&#8221;repeat&#8221; global_colors_info=&#8221;{}&#8221;][et_pb_column type=&#8221;4_4&#8243; _builder_version=&#8221;4.16&#8243; custom_padding=&#8221;|||&#8221; global_colors_info=&#8221;{}&#8221; custom_padding__hover=&#8221;|||&#8221;][et_pb_text admin_label=&#8221;Text&#8221; _builder_version=&#8221;4.18.0&#8243; text_font=&#8221;IBM Plex Sans|300|||||||&#8221; text_text_color=&#8221;#000000&#8243; text_font_size=&#8221;16px&#8221; text_line_height=&#8221;2em&#8221; header_2_font=&#8221;Lato|700|||||||&#8221; header_2_text_color=&#8221;#5CBAA7&#8243; header_2_font_size=&#8221;20px&#8221; header_3_font=&#8221;Lato|700||on|||||&#8221; header_3_text_color=&#8221;#8ab5a8&#8243; header_3_font_size=&#8221;14px&#8221; header_3_letter_spacing=&#8221;4px&#8221; header_3_line_height=&#8221;1.6em&#8221; background_size=&#8221;initial&#8221; background_position=&#8221;top_left&#8221; background_repeat=&#8221;repeat&#8221; global_colors_info=&#8221;{}&#8221;]<\/p>\n<h2>POL\u00cdTICA DE PRIVACIDAD<\/h2>\n<p>La confidencialidad y la seguridad son valores primordiales. En consecuencia, asumimos el compromiso de garantizar la privacidad del Usuario en todo momento y de no recabar informaci\u00f3n innecesaria. A continuaci\u00f3n, le proporcionamos toda la informaci\u00f3n necesaria sobre nuestra Pol\u00edtica de Privacidad en relaci\u00f3n con los datos personales que recabamos, explic\u00e1ndole:<br \/>\u2022 Qui\u00e9n es el responsable del tratamiento de sus datos.<br \/>\u2022 Para qu\u00e9 finalidades recabamos los datos que le solicitamos.<br \/>\u2022 Cu\u00e1l es la legitimaci\u00f3n para su tratamiento.<br \/>\u2022 Durante cu\u00e1nto tiempo los conservamos.<br \/>\u2022 A qu\u00e9 destinatarios se comunican sus datos.<br \/>\u2022 Cu\u00e1les son sus derechos.<\/p>\n<p><strong>1. RESPONSABLE DEL TRATAMIENTO:<\/strong><br \/>Naifactory Lab S.L.<br \/>Carrer Sant Joan, 7A, \u00c1tico<br \/>Vilassar de Dalt<br \/>08339 Barcelona<br \/>CIF B09657008<\/p>\n<p><strong>2. FINALIDADES, LEGITIMACI\u00d3N Y CONSERVACI\u00d3N<\/strong> de los tratamientos de los datos enviados a trav\u00e9s de:<br \/>\u2022 Formulario de Contacto.<br \/>Finalidad: Facilitarle un medio para que pueda ponerse en contacto con nosotros y atender la petici\u00f3n que nos traslade a trav\u00e9s de nuestra p\u00e1gina web, as\u00ed como enviarle comunicaciones por medio de correo electr\u00f3nico de nuestros productos, servicios y actividades.<br \/>Legitimaci\u00f3n\/base jur\u00eddica del tratamiento de los datos personales: El consentimiento del usuario al solicitarnos informaci\u00f3n a trav\u00e9s de nuestro formulario de contactos y al marcar la casilla de aceptaci\u00f3n de env\u00edo de informaci\u00f3n.<br \/>Conservaci\u00f3n: El tiempo necesario para poder atender su consulta y el seguimiento de esta. En caso de que tambi\u00e9n nos haya solicitado recibir comunicaciones de nuestros productos, servicios y actividades conservaremos sus datos personales mientras no nos indique la supresi\u00f3n de los mismos o revoque el consentimiento otorgado.<br \/>Obligaci\u00f3n de facilitarnos sus datos personales y consecuencias de no hacerlo:<br \/>El suministro de datos personales requiere una edad m\u00ednima de 14 a\u00f1os.<br \/>Los datos personales solicitados son necesarios para gestionar sus solicitudes, por lo que si no nos los facilita no podremos atenderle correctamente ni prestarle el servicio que ha solicitado.<br \/>En todo caso, nos reservamos el derecho de decidir sobre la incorporaci\u00f3n o no de sus datos personales y dem\u00e1s informaci\u00f3n a nuestras bases de datos.<\/p>\n<p><strong>3. DESTINATARIO DE SUS DATOS.<\/strong><br \/>Sus datos son confidenciales y no se comunicar\u00e1n a terceros, salvo que exista obligaci\u00f3n legal.<\/p>\n<p><strong>4. DERECHOS EN RELACI\u00d3N CON SUS DATOS PERSONALES.<\/strong><br \/>Se puede revocar el consentimiento para el tratamiento de los datos personales en cualquier momento, sin que ello afecte al tratamiento de datos personales que se haya realizado hasta ese momento.<br \/>Igualmente, puede ejercer los siguientes derechos:<br \/>\u2022 Solicitar el acceso a sus datos personales o su rectificaci\u00f3n cuando sean inexactos.<br \/>\u2022 Solicitar su supresi\u00f3n de sus datos personales cuando, entre otros motivos, los datos ya no sean necesarios para los fines para los que fueron recogidos.<br \/>\u2022 Solicitar la limitaci\u00f3n de su tratamiento, la oposici\u00f3n al tratamiento o la portabilidad en los casos previstos en la normativa.<br \/>D\u00f3nde y c\u00f3mo solicitar sus Derechos: Mediante un escrito dirigido al Responsable del Tratamiento a la siguiente direcci\u00f3n de correo electr\u00f3nico hola@poderosamenta.com, indicando la referencia \u201cDatos Personales\u201d, acreditando su identidad, especificando el derecho que se quiere ejercer.<br \/>En caso de divergencias con la empresa en relaci\u00f3n con el tratamiento de sus datos, puede presentar una reclamaci\u00f3n ante la Agencia Espa\u00f1ola de Protecci\u00f3n de Datos (www.agpd.es).<\/p>\n<p><strong>5. SEGURIDAD DE SUS DATOS PERSONALES<\/strong><br \/>Con el objetivo de salvaguardar la seguridad de sus datos personales, le informamos que hemos adoptado todas las medidas de \u00edndole t\u00e9cnica y organizativa necesarias para garantizar la seguridad de los datos personales suministrados de su alteraci\u00f3n, p\u00e9rdida y tratamientos o accesos no autorizados.<br \/>Nuestros sitios web pueden contener enlaces a otros sitios administrados por otras organizaciones. Esta pol\u00edtica de privacidad se aplica \u00fanicamente a nuestros sitios web, por lo que le recomendamos que lea las pol\u00edticas de privacidad de cualquier otra p\u00e1gina que visite. No somos responsables de las pol\u00edticas y pr\u00e1cticas de privacidad de otras p\u00e1ginas web, incluso si accede a ellas utilizando enlaces desde nuestros sitios web.<\/p>\n<p><strong>3.6 ACTUALIZACI\u00d3N DE SUS DATOS<\/strong><br \/>Es importante que para que podamos mantener sus datos personales actualizados, nos informe siempre que haya habido alguna modificaci\u00f3n en ellos, en caso contrario, no respondemos de la veracidad de los mismos.<br \/>No nos hacemos responsables de la pol\u00edtica de privacidad respecto a los datos personales que pueda facilitar a terceros por medio de los enlaces disponibles en nuestra p\u00e1gina web.<br \/>La presente Pol\u00edtica de Privacidad puede ser modificada para adaptarlas a los cambios que se produzca en nuestra web, as\u00ed como modificaciones legislativas o jurisprudenciales sobre datos personales que vayan apareciendo, por lo que exige su lectura, cada vez que nos facilite sus datos a trav\u00e9s de esta Web.<\/p>\n<p>[\/et_pb_text][\/et_pb_column][\/et_pb_row][\/et_pb_section][et_pb_section fb_built=&#8221;1&#8243; admin_label=&#8221;section&#8221; module_id=&#8221;cookies&#8221; _builder_version=&#8221;4.18.0&#8243; background_color=&#8221;#FFFFFF&#8221; custom_margin=&#8221;0px||||false|false&#8221; custom_padding=&#8221;50px||||false|false&#8221; hover_enabled=&#8221;0&#8243; global_colors_info=&#8221;{}&#8221; sticky_enabled=&#8221;0&#8243;][et_pb_row admin_label=&#8221;row&#8221; _builder_version=&#8221;4.16&#8243; background_size=&#8221;initial&#8221; background_position=&#8221;top_left&#8221; background_repeat=&#8221;repeat&#8221; global_colors_info=&#8221;{}&#8221;][et_pb_column type=&#8221;4_4&#8243; _builder_version=&#8221;4.16&#8243; custom_padding=&#8221;|||&#8221; global_colors_info=&#8221;{}&#8221; custom_padding__hover=&#8221;|||&#8221;][et_pb_text admin_label=&#8221;Text&#8221; _builder_version=&#8221;4.18.0&#8243; text_font=&#8221;IBM Plex Sans|300|||||||&#8221; text_text_color=&#8221;#000000&#8243; text_font_size=&#8221;16px&#8221; text_line_height=&#8221;2em&#8221; link_font=&#8221;Lato|700|||||||&#8221; link_text_color=&#8221;#8ab5a8&#8243; header_2_font=&#8221;IBM Plex Sans||||||||&#8221; header_2_text_color=&#8221;#8ab5a8&#8243; header_2_font_size=&#8221;20px&#8221; header_3_font=&#8221;Lato|700||on|||||&#8221; header_3_text_color=&#8221;#8ab5a8&#8243; header_3_font_size=&#8221;14px&#8221; header_3_letter_spacing=&#8221;4px&#8221; header_3_line_height=&#8221;1.6em&#8221; background_size=&#8221;initial&#8221; background_position=&#8221;top_left&#8221; background_repeat=&#8221;repeat&#8221; global_colors_info=&#8221;{}&#8221;]<\/p>\n<h2>POL\u00cdTICA DE COOKIES<\/h2>\n<p><strong>\u00bfQu\u00e9 son las cookies?<\/strong><br \/>\nLas galletas o cookies son archivos que almacenan y recuperan informaci\u00f3n del uso o navegaci\u00f3n del usuario en un determinado sitio web.<\/p>\n<p><strong>\u00bfQu\u00e9 cookies recabamos a trav\u00e9s de nuestra Web?<\/strong><br \/>\n\u2022 Propias y persistentes de car\u00e1cter t\u00e9cnico para permitir la navegaci\u00f3n del usuario.<br \/>\n\u2022 De terceros y persistentes (\u201cGoogle Analytics\u201d: https:\/\/www.google.es\/intl\/es\/policies\/technologies\/cookies) con la finalidad de analizar de forma an\u00f3nima el comportamiento de los usuarios a trav\u00e9s de la Web.<\/p>\n<p>Estas cookies no recuperan ni almacenan informaci\u00f3n que identifique al usuario.<\/p>\n<p><strong>\u00bfC\u00f3mo se pueden configurar y rechazar las cookies?<\/strong><br \/>\nEl usuario puede configurar las cookies a trav\u00e9s del panel de configuraci\u00f3n previsto en la Web. Adicionalmente, el usuario puede consultar las opciones e instrucciones que ofrece su navegador, tales como los siguientes:<br \/>\n\u2022 Configuraci\u00f3n de cookies Internet Explorer<br \/>\n\u2022 Configuraci\u00f3n de cookies Firefox<br \/>\n\u2022 Configuraci\u00f3n de cookies Google Chrome<br \/>\n\u2022 Configuraci\u00f3n de cookies Safari<br \/>\n\u2022 Configuraci\u00f3n de cookies Opera<br \/>\nEstos navegadores est\u00e1n sometidos a actualizaciones o modificaciones y, en consecuencia, no podemos garantizar que se ajusten completamente a la versi\u00f3n del navegador del usuario.<br \/>\nEn el supuesto que se modifiquen las cookies de la Web, la Pol\u00edtica de cookies se actualizar\u00e1 oportunamente.<\/p>\n<p><strong>Responsable del tratamiento:<\/strong><br \/>\nNaifactory Lab S.L.<br \/>\nCarrer Sant Joan, 7A, \u00c1tico<br \/>\nVilassar de Dalt<br \/>\n08339 Barcelona<br \/>\nCIF B09657008<br \/>\nDirecci\u00f3n de correo electr\u00f3nico: studio@naifactorylab.com<\/p>\n<p><strong>Finalidad del tratamiento:<\/strong> Los datos personales suministrados ser\u00e1n tratados con la finalidad de contestar a sus solicitudes de informaci\u00f3n, as\u00ed como enviarle comunicaciones de nuestros productos, servicios y actividades, por medio del correo electr\u00f3nico, tratamiento amparado en el consentimiento del interesado, siendo el consentimiento la base legal para el tratamiento de los datos personales.<br \/>\n<strong>Destinatarios\/comunicaci\u00f3n de datos:<\/strong> Los datos personales suministrados no ser\u00e1n comunicados a terceros.<br \/>\n<strong>Conservaci\u00f3n de los datos:<\/strong> Los datos personales ser\u00e1n conservados mientras el interesado no se oponga a recibir informaci\u00f3n o retire el consentimiento otorgado.<br \/>\n<strong>Derechos:<\/strong> El interesado puede ejercitar los derechos de acceso, rectificaci\u00f3n, supresi\u00f3n, oposici\u00f3n, limitaci\u00f3n del tratamiento y portabilidad de los datos, as\u00ed como retirar el consentimiento en cualquier momento. Para ejercitar los derechos, el interesado puede dirigir un escrito a la direcci\u00f3n postal o electr\u00f3nica indicadas en el apartado de Responsable del Tratamiento, acreditando su identidad e indicando el derecho que se desea ejercer.<br \/>\nAsimismo, tiene derecho a presentar una reclamaci\u00f3n ante la Agencia Espa\u00f1ola de Protecci\u00f3n de Datos.<br \/>\nPara obtener m\u00e1s informaci\u00f3n sobre la pol\u00edtica de privacidad, clicar <a href=\"https:\/\/naifactorylab.com\/politica-de-privacidad\/#politica-privacidad\">aqu\u00ed.<\/a>[\/et_pb_text][\/et_pb_column][\/et_pb_row][\/et_pb_section]<\/p>\n","protected":false},"excerpt":{"rendered":"<p>LEGAL NOTICe The owner of the web hosted in the domain www.naifactorylab.com is Naifactory Lab S.L., whose identification data are:Naifactory Lab S.L.Carrer Sant Joan, 7A, \u00c1ticoVilassar de Dalt08339 BarcelonaCIF B09657008Correo electr\u00f3nico: studio@naifactorylab.comCONDICIONES DE USO 1. CONDICIONES DE USO\/ACCESOEl acceso a nuestra p\u00e1gina Web es gratuito y no exige previa suscripci\u00f3n o registro y queda condicionado [&hellip;]<\/p>\n","protected":false},"author":2,"featured_media":0,"parent":0,"menu_order":0,"comment_status":"closed","ping_status":"closed","template":"","meta":{"_et_pb_use_builder":"on","_et_pb_old_content":"","_et_gb_content_width":"","footnotes":""},"class_list":["post-245637","page","type-page","status-publish","hentry"],"_links":{"self":[{"href":"https:\/\/naifactorylab.com\/en\/wp-json\/wp\/v2\/pages\/245637","targetHints":{"allow":["GET"]}}],"collection":[{"href":"https:\/\/naifactorylab.com\/en\/wp-json\/wp\/v2\/pages"}],"about":[{"href":"https:\/\/naifactorylab.com\/en\/wp-json\/wp\/v2\/types\/page"}],"author":[{"embeddable":true,"href":"https:\/\/naifactorylab.com\/en\/wp-json\/wp\/v2\/users\/2"}],"replies":[{"embeddable":true,"href":"https:\/\/naifactorylab.com\/en\/wp-json\/wp\/v2\/comments?post=245637"}],"version-history":[{"count":0,"href":"https:\/\/naifactorylab.com\/en\/wp-json\/wp\/v2\/pages\/245637\/revisions"}],"wp:attachment":[{"href":"https:\/\/naifactorylab.com\/en\/wp-json\/wp\/v2\/media?parent=245637"}],"curies":[{"name":"wp","href":"https:\/\/api.w.org\/{rel}","templated":true}]}}